{"id":2033,"date":"2026-04-08T20:08:29","date_gmt":"2026-04-08T23:08:29","guid":{"rendered":"https:\/\/iesgualeguay-ers.infd.edu.ar\/sitio\/?page_id=2033"},"modified":"2026-04-17T18:58:14","modified_gmt":"2026-04-17T21:58:14","slug":"ordenes-de-prelacion","status":"publish","type":"page","link":"https:\/\/iesgualeguay-ers.infd.edu.ar\/sitio\/ordenes-de-prelacion\/","title":{"rendered":"\u00d3rdenes de prelaci\u00f3n"},"content":{"rendered":"\n<p><strong>EXHIBICI\u00d3N DE ORDEN DE PRELACI\u00d3N<\/strong><br>Instituto de Ense\u00f1anza Superior \u201cDr. Luis F. Leloir\u201d.<br>16\/04\/2026<br>WhatsApp 3444 580770<br>La Rector\u00eda del Instituto de Ense\u00f1anza Superior \u201cDr. Luis F. Leloir\u201d informa que a partir del d\u00eda de la fecha se exhibir\u00e1n por el t\u00e9rmino de 5 d\u00edas h\u00e1biles el Orden de Prelaci\u00f3n correspondiente a las siguientes horas c\u00e1tedra:<\/p>\n\n\n\n<p><strong><u>Profesorado de Educaci\u00f3n Secundaria en Historia&nbsp;<\/u><\/strong><strong><u>\u2013&nbsp;<\/u><\/strong><strong><u>Res. N\u00b0765\/14 CGE y Res. N. \u00b0 156\/15 CGE.<\/u><\/strong><\/p>\n\n\n\n<ul>\n<li><strong>Pr\u00e1ctica Docente I (Taller)- 3 hs. \u2013<\/strong>&nbsp;<strong>1\u00b0 a\u00f1o STF \u2013 Equipo de C\u00e1tedra. Plaza SAGE N\u00ba: 851288<\/strong><\/li>\n<\/ul>\n\n\n\n<p><strong><u>Profesorado de Educaci\u00f3n Secundaria en F\u00edsica&nbsp;<\/u><\/strong><strong><u>\u2013 Res. N\u00b0758\/14 CGE<\/u><\/strong><\/p>\n\n\n\n<ul>\n<li><strong>Fen\u00f3menos Termodin\u00e1micos II<\/strong>\u00a0\u2013 4 hs STF. (Asignatura\/taller) 2\u00ba a\u00f1o Plaza SAGE N\u00ba: 846443<\/li>\n\n\n\n<li><strong>Pr\u00e1ctica Docente IV (Taller) \u2013 7 hs. \u2013 4\u00ba a\u00f1o STF \u2013 C\u00e1tedra compartida.<\/strong><\/li>\n<\/ul>\n\n\n\n<p><strong><u>Profesorado de Educaci\u00f3n Secundaria en Biolog\u00eda&nbsp;<\/u><\/strong><strong><u>\u2013&nbsp;<\/u><\/strong><strong><u>Res. N. \u00b0 0761\/14 CGE y Res. N. \u00b0 0147\/15 CGE.<\/u><\/strong><\/p>\n\n\n\n<ul>\n<li><strong>Ciencias de la Tierra. 3 hs STF. 1\u00ba a\u00f1o (Asignatura) Plaza SAGE N\u00ba: 520629-828037<\/strong><\/li>\n<\/ul>\n\n\n\n<p><strong>Cargo: Bibliotecario de Instituto Superior. STF. Turno vespertino. Horario: de lunes a viernes de 18:00 a 22:00 hs. Plaza SAGE N\u00ba: 128555<\/strong><\/p>\n\n\n\n<p>Notificarse en mesa de entrada de la Secretar\u00eda Administrativa del IES en el horario de 17:00 a 22:00 hs.<\/p>\n\n\n\n<p>I<strong>ES \u201cDr. Luis F. Leloir\u201d.<br>Corrientes 198<br>4\u00ba Piso, complejo Educativo \u201cH\u00e9ctor y Sara Salas de Berisso\u201d.<br>Por consultas: isfd.leloir.gy@entrerios.edu.ar<\/strong><\/p>\n\n\n<div class=\"wp-block-image\">\n<figure class=\"aligncenter size-full is-resized\"><img decoding=\"async\" loading=\"lazy\" src=\"https:\/\/iesgualeguay-ers.infd.edu.ar\/sitio\/wp-content\/uploads\/2026\/04\/Sin-titulo-2.jpg\" alt=\"\" class=\"wp-image-2090\" width=\"540\" height=\"43\" srcset=\"https:\/\/iesgualeguay-ers.infd.edu.ar\/sitio\/wp-content\/uploads\/2026\/04\/Sin-titulo-2.jpg 1221w, https:\/\/iesgualeguay-ers.infd.edu.ar\/sitio\/wp-content\/uploads\/2026\/04\/Sin-titulo-2-1000x79.jpg 1000w, https:\/\/iesgualeguay-ers.infd.edu.ar\/sitio\/wp-content\/uploads\/2026\/04\/Sin-titulo-2-768x61.jpg 768w\" sizes=\"(max-width: 540px) 100vw, 540px\" \/><\/figure><\/div>\n\n\n<p><strong>EXHIBICI\u00d3N DE ORDEN DE PRELACI\u00d3N<\/strong><br>Instituto de Ense\u00f1anza Superior \u201cDr. Luis F. Leloir\u201d.<br>08\/04\/2026<br>WhatsApp 3444 580770<br>La Rector\u00eda del Instituto de Ense\u00f1anza Superior \u201cDr. Luis F. Leloir\u201d informa que a partir del d\u00eda de la fecha se exhibir\u00e1n por el t\u00e9rmino de 5 d\u00edas h\u00e1biles el Orden de Prelaci\u00f3n correspondiente a las siguientes horas c\u00e1tedra:<\/p>\n\n\n\n<p><strong><u>Profesorado de Educaci\u00f3n Secundaria en Matem\u00e1tica&nbsp;<\/u><\/strong><strong><u>\u2013&nbsp;<\/u><\/strong><strong><u>Res. N. \u00b0 0764\/14 CGE y Res. N. \u00b0 0725\/15 CGE.<\/u><\/strong><\/p>\n\n\n\n<ul>\n<li><strong>Pr\u00e1ctica Docente IV (Seminario \u2013Taller) \u2013 5 hs. 4\u00ba a\u00f1o STF \u2013 Equipo de c\u00e1tedra. Plaza SAGE N\u00ba: 633044-821028<\/strong><\/li>\n<\/ul>\n\n\n\n<p><strong><u>Profesorado de Educaci\u00f3n Secundaria en Historia&nbsp;<\/u><\/strong><strong><u>\u2013&nbsp;<\/u><\/strong><strong><u>Res. N\u00b0765\/14 CGE y Res. N. \u00b0 156\/15 CGE.<\/u><\/strong><\/p>\n\n\n\n<ul>\n<li><strong>Pedagog\u00eda (Asignatura)- 3 hs. \u2013<\/strong>&nbsp;<strong>1\u00b0 a\u00f1o STF \u2013 C\u00e1tedra no compartida. Plaza SAGE N\u00ba: 851286.<\/strong><\/li>\n<\/ul>\n\n\n\n<p><strong><u>Profesorado de Educaci\u00f3n Secundaria en Biolog\u00eda&nbsp;<\/u><\/strong><strong><u>\u2013&nbsp;<\/u><\/strong><strong><u>Res. N. \u00b0 0761\/14 CGE y Res. N. \u00b0 0147\/15 CGE.<\/u><\/strong><\/p>\n\n\n\n<ul>\n<li><strong>Pedagog\u00eda (Asignatura)- 3 hs. \u2013<\/strong>&nbsp;<strong>1\u00b0 a\u00f1o STF \u2013 C\u00e1tedra no compartida. Plaza SAGE N\u00ba: 834681-520625<\/strong><\/li>\n<\/ul>\n\n\n\n<p>Notificarse en mesa de entrada de la Secretar\u00eda Administrativa del IES en el horario de 17:00 a 22:00 hs.<\/p>\n\n\n\n<p>I<strong>ES \u201cDr. Luis F. Leloir\u201d.<br>Corrientes 198<br>4\u00ba Piso, complejo Educativo \u201cH\u00e9ctor y Sara Salas de Berisso\u201d.<br>Por consultas: isfd.leloir.gy@entrerios.edu.ar<\/strong><\/p>\n\n\n<div class=\"wp-block-image\">\n<figure class=\"aligncenter size-full is-resized\"><img decoding=\"async\" loading=\"lazy\" src=\"https:\/\/iesgualeguay-ers.infd.edu.ar\/sitio\/wp-content\/uploads\/2026\/04\/Sin-titulo-1.jpg\" alt=\"\" class=\"wp-image-2059\" width=\"558\" height=\"44\" srcset=\"https:\/\/iesgualeguay-ers.infd.edu.ar\/sitio\/wp-content\/uploads\/2026\/04\/Sin-titulo-1.jpg 1221w, https:\/\/iesgualeguay-ers.infd.edu.ar\/sitio\/wp-content\/uploads\/2026\/04\/Sin-titulo-1-1000x79.jpg 1000w, https:\/\/iesgualeguay-ers.infd.edu.ar\/sitio\/wp-content\/uploads\/2026\/04\/Sin-titulo-1-768x61.jpg 768w\" sizes=\"(max-width: 558px) 100vw, 558px\" \/><\/figure><\/div>\n\n\n<p class=\"has-medium-font-size\"><strong>EXHIBICI\u00d3N DE ORDEN DE PRELACI\u00d3N<\/strong><br>Instituto de Ense\u00f1anza Superior \u201cDr. Luis F. Leloir\u201d.<br>08\/04\/2026<br>WhatsApp 3444 580770<br>La Rector\u00eda del Instituto de Ense\u00f1anza Superior \u201cDr. Luis F. Leloir\u201d informa que a partir del d\u00eda de la fecha se exhibir\u00e1n por el t\u00e9rmino de 5 d\u00edas h\u00e1biles el Orden de Prelaci\u00f3n correspondiente a las siguientes horas c\u00e1tedra:<\/p>\n\n\n\n<p><strong><u>Profesorado de Educaci\u00f3n Secundaria en Geograf\u00eda&nbsp;<\/u><\/strong><strong><u>\u2013&nbsp;<\/u><\/strong><strong><u>Res. N\u00b0766\/14 CGE y Res. N. \u00b0 159\/15 CGE.<\/u><\/strong><\/p>\n\n\n\n<ul>\n<li><strong>Naturaleza y Sociedad II (Asignatura)- 4 hs. \u2013 3\u00b0 a\u00f1o STF -C\u00e1tedra no compartida. Plazas SAGE N\u00ba: 789277-799000<\/strong><\/li>\n\n\n\n<li><strong>Cultura y Problem\u00e1ticas Ambientales \u2013 (Asignatura) 3 hs. STF- Plazas SAGE N\u00ba: 833880-826852<\/strong><\/li>\n\n\n\n<li><strong>Geotecnolog\u00eda-Taller 3 hs STF- Plazas SAGE N\u00ba: 86687-826851<\/strong><\/li>\n<\/ul>\n\n\n\n<p>Notificarse en mesa de entrada de la Secretar\u00eda Administrativa del IES en el horario de 17:00 a 22:00 hs.<\/p>\n\n\n\n<p>I<strong>ES \u201cDr. Luis F. Leloir\u201d.<br>Corrientes 198<br>4\u00ba Piso, complejo Educativo \u201cH\u00e9ctor y Sara Salas de Berisso\u201d.<br>Por consultas: isfd.leloir.gy@entrerios.edu.ar<\/strong><\/p>\n\n\n<div class=\"wp-block-image\">\n<figure class=\"aligncenter size-full is-resized\"><img decoding=\"async\" loading=\"lazy\" src=\"https:\/\/iesgualeguay-ers.infd.edu.ar\/sitio\/wp-content\/uploads\/2026\/04\/Sin-titulo.jpg\" alt=\"\" class=\"wp-image-2034\" width=\"537\" height=\"43\" srcset=\"https:\/\/iesgualeguay-ers.infd.edu.ar\/sitio\/wp-content\/uploads\/2026\/04\/Sin-titulo.jpg 1221w, https:\/\/iesgualeguay-ers.infd.edu.ar\/sitio\/wp-content\/uploads\/2026\/04\/Sin-titulo-1000x79.jpg 1000w, https:\/\/iesgualeguay-ers.infd.edu.ar\/sitio\/wp-content\/uploads\/2026\/04\/Sin-titulo-768x61.jpg 768w\" sizes=\"(max-width: 537px) 100vw, 537px\" \/><\/figure><\/div>\n\n\n<p class=\"has-medium-font-size\"><strong>EXHIBICI\u00d3N DE ORDEN DE PRELACI\u00d3N<\/strong><br>Instituto de Ense\u00f1anza Superior \u201cDr. Luis F. Leloir\u201d.<br>20\/11\/2025<br>WhatsApp 3444 580770<br>La Rector\u00eda del Instituto de Ense\u00f1anza Superior \u201cDr. Luis F. Leloir\u201d informa que a partir del d\u00eda de la fecha se exhibir\u00e1n por el t\u00e9rmino de 5 d\u00edas h\u00e1biles, del 20 al 28 del corriente, el Orden de Prelaci\u00f3n correspondiente a las siguientes horas c\u00e1tedra:<\/p>\n\n\n\n<ul>\n<li>Econom\u00eda Pol\u00edtica, 03 hs. (STF), 2\u00ba a\u00f1o, Profesorado de Educaci\u00f3n Secundaria en Historia, Res. 765\/14 y 156\/15 CGE.<br><\/li>\n<\/ul>\n\n\n\n<p>Notificarse en mesa de entrada de la Secretar\u00eda Administrativa del IES en el horario de 17:00 a 22:00 hs.<\/p>\n\n\n\n<p>I<strong>ES \u201cDr. Luis F. Leloir\u201d.<br>Corrientes 198<br>4\u00ba Piso, complejo Educativo \u201cH\u00e9ctor y Sara Salas de Berisso\u201d.<br>Por consultas: isfd.leloir.gy@entrerios.edu.ar<\/strong><\/p>\n","protected":false},"excerpt":{"rendered":"<p>EXHIBICI\u00d3N DE ORDEN DE PRELACI\u00d3NInstituto de Ense\u00f1anza Superior \u201cDr. Luis F. Leloir\u201d.16\/04\/2026WhatsApp 3444 580770La Rector\u00eda del Instituto de Ense\u00f1anza Superior \u201cDr. Luis F. Leloir\u201d informa que a partir del d\u00eda de la fecha se exhibir\u00e1n por el t\u00e9rmino de 5 d\u00edas h\u00e1biles el Orden de Prelaci\u00f3n correspondiente a las siguientes horas c\u00e1tedra: Profesorado de Educaci\u00f3n &#8230; <a title=\"\u00d3rdenes de prelaci\u00f3n\" class=\"read-more\" href=\"https:\/\/iesgualeguay-ers.infd.edu.ar\/sitio\/ordenes-de-prelacion\/\" aria-label=\"More on \u00d3rdenes de prelaci\u00f3n\">[+]<\/a><\/p>\n","protected":false},"author":217,"featured_media":0,"parent":0,"menu_order":0,"comment_status":"closed","ping_status":"closed","template":"","meta":[],"acf":[],"_links":{"self":[{"href":"https:\/\/iesgualeguay-ers.infd.edu.ar\/sitio\/wp-json\/wp\/v2\/pages\/2033"}],"collection":[{"href":"https:\/\/iesgualeguay-ers.infd.edu.ar\/sitio\/wp-json\/wp\/v2\/pages"}],"about":[{"href":"https:\/\/iesgualeguay-ers.infd.edu.ar\/sitio\/wp-json\/wp\/v2\/types\/page"}],"author":[{"embeddable":true,"href":"https:\/\/iesgualeguay-ers.infd.edu.ar\/sitio\/wp-json\/wp\/v2\/users\/217"}],"replies":[{"embeddable":true,"href":"https:\/\/iesgualeguay-ers.infd.edu.ar\/sitio\/wp-json\/wp\/v2\/comments?post=2033"}],"version-history":[{"count":9,"href":"https:\/\/iesgualeguay-ers.infd.edu.ar\/sitio\/wp-json\/wp\/v2\/pages\/2033\/revisions"}],"predecessor-version":[{"id":2091,"href":"https:\/\/iesgualeguay-ers.infd.edu.ar\/sitio\/wp-json\/wp\/v2\/pages\/2033\/revisions\/2091"}],"wp:attachment":[{"href":"https:\/\/iesgualeguay-ers.infd.edu.ar\/sitio\/wp-json\/wp\/v2\/media?parent=2033"}],"curies":[{"name":"wp","href":"https:\/\/api.w.org\/{rel}","templated":true}]}}