{"id":817,"date":"2018-06-28T01:45:34","date_gmt":"2018-06-28T04:45:34","guid":{"rendered":"https:\/\/iesgualeguay-ers.infd.edu.ar\/sitio\/profesorado-de-la-educacion-secundaria-en-matematica\/"},"modified":"2025-08-06T18:24:28","modified_gmt":"2025-08-06T21:24:28","slug":"profesorado-de-la-educacion-secundaria-en-matematica","status":"publish","type":"page","link":"https:\/\/iesgualeguay-ers.infd.edu.ar\/sitio\/profesorado-de-la-educacion-secundaria-en-matematica\/","title":{"rendered":"Profesorado de Educaci\u00f3n Secundaria en MATEM\u00c1TICA"},"content":{"rendered":"<div class=\"wp-block-image\">\n<figure class=\"aligncenter size-full is-resized\"><img decoding=\"async\" loading=\"lazy\" src=\"https:\/\/iesgualeguay-ers.infd.edu.ar\/sitio\/wp-content\/uploads\/2025\/08\/1.png\" alt=\"\" class=\"wp-image-1943\" width=\"705\" height=\"705\" srcset=\"https:\/\/iesgualeguay-ers.infd.edu.ar\/sitio\/wp-content\/uploads\/2025\/08\/1.png 1080w, https:\/\/iesgualeguay-ers.infd.edu.ar\/sitio\/wp-content\/uploads\/2025\/08\/1-1000x1000.png 1000w, https:\/\/iesgualeguay-ers.infd.edu.ar\/sitio\/wp-content\/uploads\/2025\/08\/1-500x500.png 500w, https:\/\/iesgualeguay-ers.infd.edu.ar\/sitio\/wp-content\/uploads\/2025\/08\/1-768x768.png 768w\" sizes=\"(max-width: 705px) 100vw, 705px\" \/><\/figure><\/div>\n\n\n<p><span style=\"font-size: 16pt;\"><strong>PLAN DE ESTUDIOS<\/strong>\u00a0<span style=\"color: #ff6600;\">(<a href=\"https:\/\/des-ers.infd.edu.ar\/sitio\/wp-admin\/upload\/0764-14_CGE_Dise%F1o_Curricular_Profesorado_de_Educ._Sec._en_Matem%E1tica.pdf\">Res 0764\/2014 CGE<\/a>)<\/span>:<\/span><\/p>\n\n\n\n<p><span style=\"color: #ff3333;\"><span style=\"font-size: 12pt;\">Primer A\u00f1o:<\/span><\/span><\/p>\n\n\n\n<p><span style=\"font-size: 12pt; font-family: 'times new roman', times;\">3hcs&nbsp;\u2013&nbsp;Pedagog\u00eda.<\/span><br><span style=\"font-size: 12pt; font-family: 'times new roman', times;\">3hcs \u2013 Corporeidad, Juego y Lenguajes Art\u00edsticos.<\/span><br><span style=\"font-size: 12pt; font-family: 'times new roman', times;\">3hcs \u2013 Oralidad, Lectura, Escritura y TIC.<\/span><br><span style=\"font-size: 12pt; font-family: 'times new roman', times;\">3hcs \u2013 Did\u00e1ctica General.<\/span><br><span style=\"font-size: 12pt; font-family: 'times new roman', times;\">5hcs \u2013 Elementos de Matem\u00e1tica.<\/span><br><span style=\"font-size: 12pt; font-family: 'times new roman', times;\">3hcs \u2013 Problem\u00e1ticas de la Geometr\u00eda I.<\/span><br><span style=\"font-size: 12pt; font-family: 'times new roman', times;\">4hcs \u2013 Problem\u00e1ticas del An\u00e1lisis Matem\u00e1tico I.<\/span><br><span style=\"font-size: 12pt; font-family: 'times new roman', times;\">4hcs \u2013 Resoluci\u00f3n de Problemas y TIC.<\/span><br><span style=\"font-size: 12pt; font-family: 'times new roman', times;\">4hcs \u2013 Pr\u00e1ctica Docente I.<\/span><\/p>\n\n\n\n<p><span style=\"color: #ff3333;\"><span style=\"font-size: 12pt;\">Segundo A\u00f1o:<\/span><\/span><\/p>\n\n\n\n<p><span style=\"font-size: 12pt; font-family: 'times new roman', times;\">3hcs \u2013 Filosof\u00eda.<\/span><br><span style=\"font-size: 12pt; font-family: 'times new roman', times;\">3hcs \u2013 Historia Social y Pol\u00edtica Arg. Y Latinoamericana.<\/span><br><span style=\"font-size: 12pt; font-family: 'times new roman', times;\">3hcs \u2013 Psicolog\u00eda Educacional.<\/span><br><span style=\"font-size: 12pt; font-family: 'times new roman', times;\">2hcs \u2013 Educaci\u00f3n Sexual Integral.<\/span><br><span style=\"font-size: 12pt; font-family: 'times new roman', times;\">5hcs \u2013 Problem\u00e1ticas del \u00c1lgebra I.<\/span><br><span style=\"font-size: 12pt; font-family: 'times new roman', times;\">3hcs \u2013 Probl. De la Probabilidad y Estad\u00edstica I.<\/span><br><span style=\"font-size: 12pt; font-family: 'times new roman', times;\">3hcs \u2013 Problem\u00e1ticas de la Geometr\u00eda II.<\/span><br><span style=\"font-size: 12pt; font-family: 'times new roman', times;\">3hcs \u2013 Did\u00e1ctica de la Matem\u00e1tica I.<\/span><br><span style=\"font-size: 12pt; font-family: 'times new roman', times;\">3hcs \u2013 Sujetos de la Educaci\u00f3n Secundaria<\/span><br><span style=\"font-size: 12pt; font-family: 'times new roman', times;\">4hcs \u2013 Pr\u00e1ctica Docente II.&nbsp;<\/span><\/p>\n\n\n\n<p><span style=\"color: #ff3333;\"><span style=\"font-size: 12pt;\">Tercer A\u00f1o:<\/span><\/span><\/p>\n\n\n\n<p><span style=\"font-size: 12pt; font-family: 'times new roman', times;\">3hcs \u2013 An\u00e1lisis y Organizaci\u00f3n de las Inst. Educ.<\/span><br><span style=\"font-size: 12pt; font-family: 'times new roman', times;\">3hcs \u2013 Historia de la Educaci\u00f3n Argentina.<\/span><br><span style=\"font-size: 12pt; font-family: 'times new roman', times;\">3hcs \u2013 Sociolog\u00eda de la Educaci\u00f3n.<\/span><br><span style=\"font-size: 12pt; font-family: 'times new roman', times;\">3hcs \u2013 Probl. De la Probabilidad y Estad\u00edstica II.<\/span><br><span style=\"font-size: 12pt; font-family: 'times new roman', times;\">3hcs \u2013 Problem\u00e1ticas de la Geometr\u00eda III.<\/span><br><span style=\"font-size: 12pt; font-family: 'times new roman', times;\">3hcs \u2013 Epistemolog\u00eda de la Matem\u00e1tica.<\/span><br><span style=\"font-size: 12pt; font-family: 'times new roman', times;\">3hcs \u2013 Did\u00e1ctica de la Matem\u00e1tica II.<\/span><br><span style=\"font-size: 12pt; font-family: 'times new roman', times;\">3hcs \u2013 Problem\u00e1ticas del An\u00e1lisis Matem\u00e1tico II.<\/span><br><span style=\"font-size: 12pt; font-family: 'times new roman', times;\">3hcs \u2013 UDI.<\/span><br><span style=\"font-size: 12pt; font-family: 'times new roman', times;\">6hcs \u2013 Pr\u00e1ctica Docente III.<\/span><\/p>\n\n\n\n<p><span style=\"color: #ff3333;\"><span style=\"font-size: 12pt;\">Cuarto A\u00f1o:<\/span><\/span><\/p>\n\n\n\n<p><span style=\"font-size: 12pt; font-family: 'times new roman', times;\">3hcs \u2013 Derechos Humanos: \u00c9tica y Ciudadan\u00eda.<\/span><br><span style=\"font-size: 12pt; font-family: 'times new roman', times;\">4hcs &#8211; Problem\u00e1ticas del \u00c1lgebra II.<\/span><br><span style=\"font-size: 12pt; font-family: 'times new roman', times;\">3hcs \u2013 Problem\u00e1ticas de la Geometr\u00eda IV.<\/span><br><span style=\"font-size: 12pt; font-family: 'times new roman', times;\">5hcs \u2013 Problem\u00e1ticas del An\u00e1lisis Matem\u00e1tico III.<\/span><br><span style=\"font-size: 12pt; font-family: 'times new roman', times;\">4hcs \u2013 Modelizaci\u00f3n Mat. De las Cs.<\/span><br><span style=\"font-size: 12pt; font-family: 'times new roman', times;\">3hcs \u2013 UDI.<\/span><br><span style=\"font-size: 12pt; font-family: 'times new roman', times;\">10hcs \u2013 Pr\u00e1ctica Docente IV.<\/span><\/p>\n\n\n\n<p><span style=\"font-size: 12pt; font-family: 'times new roman', times;\">*HCS \u2013 Horas C\u00e1tedras Semanales.<\/span><\/p>\n","protected":false},"excerpt":{"rendered":"<p>PLAN DE ESTUDIOS\u00a0(Res 0764\/2014 CGE): Primer A\u00f1o: 3hcs&nbsp;\u2013&nbsp;Pedagog\u00eda.3hcs \u2013 Corporeidad, Juego y Lenguajes Art\u00edsticos.3hcs \u2013 Oralidad, Lectura, Escritura y TIC.3hcs \u2013 Did\u00e1ctica General.5hcs \u2013 Elementos de Matem\u00e1tica.3hcs \u2013 Problem\u00e1ticas de la Geometr\u00eda I.4hcs \u2013 Problem\u00e1ticas del An\u00e1lisis Matem\u00e1tico I.4hcs \u2013 Resoluci\u00f3n de Problemas y TIC.4hcs \u2013 Pr\u00e1ctica Docente I. Segundo A\u00f1o: 3hcs \u2013 Filosof\u00eda.3hcs \u2013 &#8230; <a title=\"Profesorado de Educaci\u00f3n Secundaria en MATEM\u00c1TICA\" class=\"read-more\" href=\"https:\/\/iesgualeguay-ers.infd.edu.ar\/sitio\/profesorado-de-la-educacion-secundaria-en-matematica\/\" aria-label=\"More on Profesorado de Educaci\u00f3n Secundaria en MATEM\u00c1TICA\">[+]<\/a><\/p>\n","protected":false},"author":51,"featured_media":0,"parent":0,"menu_order":0,"comment_status":"closed","ping_status":"closed","template":"","meta":[],"acf":[],"_links":{"self":[{"href":"https:\/\/iesgualeguay-ers.infd.edu.ar\/sitio\/wp-json\/wp\/v2\/pages\/817"}],"collection":[{"href":"https:\/\/iesgualeguay-ers.infd.edu.ar\/sitio\/wp-json\/wp\/v2\/pages"}],"about":[{"href":"https:\/\/iesgualeguay-ers.infd.edu.ar\/sitio\/wp-json\/wp\/v2\/types\/page"}],"author":[{"embeddable":true,"href":"https:\/\/iesgualeguay-ers.infd.edu.ar\/sitio\/wp-json\/wp\/v2\/users\/51"}],"replies":[{"embeddable":true,"href":"https:\/\/iesgualeguay-ers.infd.edu.ar\/sitio\/wp-json\/wp\/v2\/comments?post=817"}],"version-history":[{"count":17,"href":"https:\/\/iesgualeguay-ers.infd.edu.ar\/sitio\/wp-json\/wp\/v2\/pages\/817\/revisions"}],"predecessor-version":[{"id":1944,"href":"https:\/\/iesgualeguay-ers.infd.edu.ar\/sitio\/wp-json\/wp\/v2\/pages\/817\/revisions\/1944"}],"wp:attachment":[{"href":"https:\/\/iesgualeguay-ers.infd.edu.ar\/sitio\/wp-json\/wp\/v2\/media?parent=817"}],"curies":[{"name":"wp","href":"https:\/\/api.w.org\/{rel}","templated":true}]}}