{"id":821,"date":"2018-06-28T01:45:35","date_gmt":"2018-06-28T04:45:35","guid":{"rendered":"https:\/\/iesgualeguay-ers.infd.edu.ar\/sitio\/informacion-para-alumnos\/"},"modified":"2024-10-04T20:08:42","modified_gmt":"2024-10-04T23:08:42","slug":"informacion-para-alumnos","status":"publish","type":"page","link":"https:\/\/iesgualeguay-ers.infd.edu.ar\/sitio\/informacion-para-alumnos\/","title":{"rendered":""},"content":{"rendered":"\n<figure class=\"wp-block-image size-full is-resized\"><img decoding=\"async\" loading=\"lazy\" src=\"https:\/\/iesgualeguay-ers.infd.edu.ar\/sitio\/wp-content\/uploads\/2024\/02\/Sin-titulo.png\" alt=\"\" class=\"wp-image-1744\" width=\"514\" height=\"135\"\/><\/figure>\n\n\n\n<p><strong>Documentaci\u00f3n a presentar, en la Sede del Instituto, para completar inscripci\u00f3n<\/strong><\/p>\n\n\n\n<p><\/p>\n\n\n\n<p><strong>Inscripci\u00f3n\/preinscripci\u00f3n Profesorados 2025<\/strong><\/p>\n\n\n\n<p>Completar el siguiente formulario y adjuntar la documentaci\u00f3n requerida<\/p>\n\n\n\n<p><a href=\"https:\/\/docs.google.com\/forms\/d\/e\/1FAIpQLSfUn844pQonV_6Rrd4hrVtUTJUgD_F4YfhJzH6lKiNDajRU_Q\/viewform?fbclid=IwY2xjawFtUWxleHRuA2FlbQIxMAABHeYPce6uF_e28ubptIpfhFwpEgZq48sj_k6cAr38Scy2axo7seXqv6GPuQ_aem_9a8b0E8dU7PmIR_bhp1RBw\" target=\"_blank\" rel=\"noreferrer noopener\">https:\/\/docs.google.com\/forms\/d\/e\/1FAIpQLSfUn844pQonV_6Rrd4hrVtUTJUgD_F4YfhJzH6lKiNDajRU_Q\/viewform?fbclid=IwY2xjawFtUWxleHRuA2FlbQIxMAABHeYPce6uF_e28ubptIpfhFwpEgZq48sj_k6cAr38Scy2axo7seXqv6GPuQ_aem_9a8b0E8dU7PmIR_bhp1RBw<\/a><\/p>\n\n\n\n<p>Acompa\u00f1ar la presente inscripci\u00f3n o preinscripci\u00f3n con el correspondiente <strong>Formulario I Resoluci\u00f3n 0249\/24 C.G.E. (p\u00e1ginas 30 y 31)<\/strong>. Descargar:\u00a0<a href=\"https:\/\/drive.google.com\/file\/d\/1s14zu4T77g03rc4iyQZN_4gHIn3p9Y9_\/view?usp=drive_link\" target=\"_blank\" rel=\"noreferrer noopener\">https:\/\/drive.google.com\/file\/d\/1s14zu4T77g03rc4iyQZN_4gHIn3p9Y9_\/view?usp=drive_link<\/a><\/p>\n\n\n\n<p>El mismo debe imprimirse, completarse y entregarse digitalmente escaneado.<\/p>\n\n\n\n<p>Conjuntamente anexar documentaci\u00f3n escaneada.\u00a0<\/p>\n\n\n\n<p>&#8211; Copia escaneada o digital de <strong>DNI<\/strong>.<\/p>\n\n\n\n<p>&#8211;<strong> Acta de Nacimiento<\/strong> actualizada escaneada.<\/p>\n\n\n\n<p>&#8211; Fotocopia autenticada del <strong>T\u00edtulo Secundario o QR<\/strong> (o Constancia de Alumno Regular de 6\u00b0 a\u00f1o de Educaci\u00f3n Secundaria, o Constancia de T\u00edtulo en Tr\u00e1mite). <\/p>\n\n\n\n<p>&#8211; <strong>Constancia de CUIL<\/strong> digital o escaneada.<\/p>\n\n\n\n<p>&#8211; <strong>CUD<\/strong> escaneado o digital si fuera necesario o conveniente.&nbsp;<\/p>\n\n\n\n<p>Para completar la inscripci\u00f3n entregar tal documentaci\u00f3n personalmente en la Secretar\u00eda del Instituto, Complejo Educativo \u00abH\u00e9ctor y Sara Salas de Berisso\u00bb, Corrientes 198, 4to Piso. (2840) Gualeguay-Entre R\u00edos.<\/p>\n\n\n\n<p>Anexar a la documentaci\u00f3n Foto carnet 4&#215;4, y una carpeta de cartulina de tres solapas.&nbsp;<\/p>\n\n\n\n<p><\/p>\n\n\n<div class=\"wp-block-image\">\n<figure class=\"aligncenter size-large is-resized\"><img decoding=\"async\" loading=\"lazy\" src=\"https:\/\/iesgualeguay-ers.infd.edu.ar\/sitio\/wp-content\/uploads\/2022\/10\/secretaria-Instituto-de-ensenanza-superior-Dr.-luis-f.-leloir-1.png\" alt=\"\" class=\"wp-image-1599\" width=\"673\" height=\"477\" srcset=\"https:\/\/iesgualeguay-ers.infd.edu.ar\/sitio\/wp-content\/uploads\/2022\/10\/secretaria-Instituto-de-ensenanza-superior-Dr.-luis-f.-leloir-1.png 1748w, https:\/\/iesgualeguay-ers.infd.edu.ar\/sitio\/wp-content\/uploads\/2022\/10\/secretaria-Instituto-de-ensenanza-superior-Dr.-luis-f.-leloir-1-1000x709.png 1000w, https:\/\/iesgualeguay-ers.infd.edu.ar\/sitio\/wp-content\/uploads\/2022\/10\/secretaria-Instituto-de-ensenanza-superior-Dr.-luis-f.-leloir-1-768x545.png 768w, https:\/\/iesgualeguay-ers.infd.edu.ar\/sitio\/wp-content\/uploads\/2022\/10\/secretaria-Instituto-de-ensenanza-superior-Dr.-luis-f.-leloir-1-1536x1090.png 1536w\" sizes=\"(max-width: 673px) 100vw, 673px\" \/><\/figure><\/div>","protected":false},"excerpt":{"rendered":"<p>Documentaci\u00f3n a presentar, en la Sede del Instituto, para completar inscripci\u00f3n Inscripci\u00f3n\/preinscripci\u00f3n Profesorados 2025 Completar el siguiente formulario y adjuntar la documentaci\u00f3n requerida https:\/\/docs.google.com\/forms\/d\/e\/1FAIpQLSfUn844pQonV_6Rrd4hrVtUTJUgD_F4YfhJzH6lKiNDajRU_Q\/viewform?fbclid=IwY2xjawFtUWxleHRuA2FlbQIxMAABHeYPce6uF_e28ubptIpfhFwpEgZq48sj_k6cAr38Scy2axo7seXqv6GPuQ_aem_9a8b0E8dU7PmIR_bhp1RBw Acompa\u00f1ar la presente inscripci\u00f3n o preinscripci\u00f3n con el correspondiente Formulario I Resoluci\u00f3n 0249\/24 C.G.E. (p\u00e1ginas 30 y 31). Descargar:\u00a0https:\/\/drive.google.com\/file\/d\/1s14zu4T77g03rc4iyQZN_4gHIn3p9Y9_\/view?usp=drive_link El mismo debe imprimirse, completarse y entregarse digitalmente escaneado. Conjuntamente anexar documentaci\u00f3n &#8230; <a title=\"\" class=\"read-more\" href=\"https:\/\/iesgualeguay-ers.infd.edu.ar\/sitio\/informacion-para-alumnos\/\" aria-label=\"More on \">[+]<\/a><\/p>\n","protected":false},"author":51,"featured_media":0,"parent":0,"menu_order":0,"comment_status":"closed","ping_status":"closed","template":"","meta":[],"acf":[],"_links":{"self":[{"href":"https:\/\/iesgualeguay-ers.infd.edu.ar\/sitio\/wp-json\/wp\/v2\/pages\/821"}],"collection":[{"href":"https:\/\/iesgualeguay-ers.infd.edu.ar\/sitio\/wp-json\/wp\/v2\/pages"}],"about":[{"href":"https:\/\/iesgualeguay-ers.infd.edu.ar\/sitio\/wp-json\/wp\/v2\/types\/page"}],"author":[{"embeddable":true,"href":"https:\/\/iesgualeguay-ers.infd.edu.ar\/sitio\/wp-json\/wp\/v2\/users\/51"}],"replies":[{"embeddable":true,"href":"https:\/\/iesgualeguay-ers.infd.edu.ar\/sitio\/wp-json\/wp\/v2\/comments?post=821"}],"version-history":[{"count":14,"href":"https:\/\/iesgualeguay-ers.infd.edu.ar\/sitio\/wp-json\/wp\/v2\/pages\/821\/revisions"}],"predecessor-version":[{"id":1948,"href":"https:\/\/iesgualeguay-ers.infd.edu.ar\/sitio\/wp-json\/wp\/v2\/pages\/821\/revisions\/1948"}],"wp:attachment":[{"href":"https:\/\/iesgualeguay-ers.infd.edu.ar\/sitio\/wp-json\/wp\/v2\/media?parent=821"}],"curies":[{"name":"wp","href":"https:\/\/api.w.org\/{rel}","templated":true}]}}