{"id":846,"date":"2018-06-28T01:45:43","date_gmt":"2018-06-28T04:45:43","guid":{"rendered":"https:\/\/iesgualeguay-ers.infd.edu.ar\/sitio\/profesorado-de-la-educacion-secundaria-en-geografia\/"},"modified":"2025-08-06T18:20:18","modified_gmt":"2025-08-06T21:20:18","slug":"profesorado-de-la-educacion-secundaria-en-geografia","status":"publish","type":"page","link":"https:\/\/iesgualeguay-ers.infd.edu.ar\/sitio\/profesorado-de-la-educacion-secundaria-en-geografia\/","title":{"rendered":"Profesorado de Educaci\u00f3n Secundaria en GEOGRAF\u00cdA"},"content":{"rendered":"<div class=\"wp-block-image\">\n<figure class=\"aligncenter size-full is-resized\"><img decoding=\"async\" loading=\"lazy\" src=\"https:\/\/iesgualeguay-ers.infd.edu.ar\/sitio\/wp-content\/uploads\/2025\/08\/5.png\" alt=\"\" class=\"wp-image-1937\" width=\"714\" height=\"714\" srcset=\"https:\/\/iesgualeguay-ers.infd.edu.ar\/sitio\/wp-content\/uploads\/2025\/08\/5.png 1080w, https:\/\/iesgualeguay-ers.infd.edu.ar\/sitio\/wp-content\/uploads\/2025\/08\/5-1000x1000.png 1000w, https:\/\/iesgualeguay-ers.infd.edu.ar\/sitio\/wp-content\/uploads\/2025\/08\/5-500x500.png 500w, https:\/\/iesgualeguay-ers.infd.edu.ar\/sitio\/wp-content\/uploads\/2025\/08\/5-768x768.png 768w\" sizes=\"(max-width: 714px) 100vw, 714px\" \/><\/figure><\/div>\n\n\n<p><span style=\"font-size: 16pt;\"><strong>PLAN DE ESTUDIOS<\/strong>\u00a0<span style=\"color: #ff6600;\">(<a href=\"https:\/\/des-ers.infd.edu.ar\/sitio\/wp-admin\/upload\/0766-14_CGE_Dise%F1o_Curricular_Profesorado_de_Educ._Sec._en_Geograf%EDa.pdf\">Res 0766\/2014 CGE<\/a>)<\/span>:<\/span><\/p>\n\n\n\n<p><span style=\"color: #ff3333;\"><span style=\"font-size: 12pt;\">Primer A\u00f1o:<\/span><\/span><\/p>\n\n\n\n<p><span style=\"font-size: 12pt; font-family: 'times new roman', times;\">3hcs&nbsp;\u2013&nbsp;Pedagog\u00eda.<br>3hcs \u2013 Corporeidad, Juego y Lenguajes Art\u00edsticos.<br>3hcs \u2013 Oralidad, Lectura, Escritura y TIC.<br>3hcs \u2013 Did\u00e1ctica General.<br>3hcs \u2013 T\u00e9cnicas de la Representaci\u00f3n Cartogr\u00e1fica I.<br>4hcs \u2013 Naturaleza y Sociedad I.<br>4hcs \u2013 Paisaje Geogr\u00e1ficos Mundiales.<br>3hcs \u2013 Esp. Urb. y Rur. en el mundo Contempor\u00e1neo.<br>3hcs \u2013 Geograf\u00eda de Entre R\u00edos.<br>4hcs \u2013 Pr\u00e1ctica Docente I.<\/span><\/p>\n\n\n\n<p><span style=\"color: #ff3333;\"><span style=\"font-size: 12pt;\">Segundo A\u00f1o:<\/span><\/span><\/p>\n\n\n\n<p><span style=\"font-size: 12pt; font-family: 'times new roman', times;\">3hcs \u2013 Filosof\u00eda.<br>3hcs \u2013 Historia Social y Pol\u00edtica Arg. Y Latinoamericana.<br>3hcs \u2013 Psicolog\u00eda Educacional.<br>2hcs \u2013 Educaci\u00f3n Sexual Integral.<br>4hcs \u2013 Organizaci\u00f3n del Espacio Geog. Am\u00e9ricano.<br>3hcs &#8211; Turismo y Desarrollo Local<br>4hcs \u2013 Sistema Urbano y Des. Rural Argentino.<br>3hcs \u2013 Did\u00e1ctica de las Ciencias Sociales.<br>3hcs \u2013 Sujetos de la Educaci\u00f3n Secundaria.<br>4hcs \u2013 Pr\u00e1ctica Docente II.<\/span><\/p>\n\n\n\n<p><span style=\"color: #ff3333;\"><span style=\"font-size: 12pt;\">Tercer A\u00f1o:<\/span><\/span><\/p>\n\n\n\n<p><span style=\"font-size: 12pt; font-family: 'times new roman', times;\">3hcs \u2013 An\u00e1lisis y Organizaci\u00f3n de las Inst. Educ.<br>3hcs \u2013 Historia de la Educaci\u00f3n Argentina.<br>3hcs \u2013 Sociolog\u00eda de la Educaci\u00f3n.<br>4hcs \u2013 Organizaci\u00f3n del Espacio Geog. Argentino.<br>4hcs \u2013 Naturaleza y Sociedad II.<br>3hcs \u2013 Epistemolog\u00eda de la Geograf\u00eda.<br>3hcs \u2013 Did\u00e1ctica de la Geograf\u00eda.<br>3hcs \u2013 UDI.<br>6hcs \u2013 Pr\u00e1ctica Docente III.<\/span><\/p>\n\n\n\n<p><span style=\"color: #ff3333;\"><span style=\"font-size: 12pt;\">Cuarto A\u00f1o:<\/span><\/span><\/p>\n\n\n\n<p><span style=\"font-size: 12pt; font-family: 'times new roman', times;\">3hcs \u2013 Derechos Humanos: \u00c9tica y Ciudadan\u00eda.<br>3hcs \u2013 Geograf\u00eda Econ\u00f3mica.<br>4hcs \u2013 Cultura y Problem\u00e1ticas Ambientales.<br>3hcs \u2013 Geograf\u00eda Pol\u00edtica y Cultural.<br>5hcs \u2013 Geotecnolog\u00eda.<br>3hcs \u2013 Seminario en Geograf\u00eda.<br>3hcs \u2013 UDI.<br>10hcs \u2013 Pr\u00e1ctica Docente IV.<\/span><\/p>\n\n\n\n<p><span style=\"font-size: 12pt; font-family: 'times new roman', times;\">*HCS \u2013 Horas C\u00e1tedras Semanales.<\/span><\/p>\n","protected":false},"excerpt":{"rendered":"<p>PLAN DE ESTUDIOS\u00a0(Res 0766\/2014 CGE): Primer A\u00f1o: 3hcs&nbsp;\u2013&nbsp;Pedagog\u00eda.3hcs \u2013 Corporeidad, Juego y Lenguajes Art\u00edsticos.3hcs \u2013 Oralidad, Lectura, Escritura y TIC.3hcs \u2013 Did\u00e1ctica General.3hcs \u2013 T\u00e9cnicas de la Representaci\u00f3n Cartogr\u00e1fica I.4hcs \u2013 Naturaleza y Sociedad I.4hcs \u2013 Paisaje Geogr\u00e1ficos Mundiales.3hcs \u2013 Esp. Urb. y Rur. en el mundo Contempor\u00e1neo.3hcs \u2013 Geograf\u00eda de Entre R\u00edos.4hcs \u2013 Pr\u00e1ctica &#8230; <a title=\"Profesorado de Educaci\u00f3n Secundaria en GEOGRAF\u00cdA\" class=\"read-more\" href=\"https:\/\/iesgualeguay-ers.infd.edu.ar\/sitio\/profesorado-de-la-educacion-secundaria-en-geografia\/\" aria-label=\"More on Profesorado de Educaci\u00f3n Secundaria en GEOGRAF\u00cdA\">[+]<\/a><\/p>\n","protected":false},"author":51,"featured_media":0,"parent":0,"menu_order":0,"comment_status":"closed","ping_status":"closed","template":"","meta":[],"acf":[],"_links":{"self":[{"href":"https:\/\/iesgualeguay-ers.infd.edu.ar\/sitio\/wp-json\/wp\/v2\/pages\/846"}],"collection":[{"href":"https:\/\/iesgualeguay-ers.infd.edu.ar\/sitio\/wp-json\/wp\/v2\/pages"}],"about":[{"href":"https:\/\/iesgualeguay-ers.infd.edu.ar\/sitio\/wp-json\/wp\/v2\/types\/page"}],"author":[{"embeddable":true,"href":"https:\/\/iesgualeguay-ers.infd.edu.ar\/sitio\/wp-json\/wp\/v2\/users\/51"}],"replies":[{"embeddable":true,"href":"https:\/\/iesgualeguay-ers.infd.edu.ar\/sitio\/wp-json\/wp\/v2\/comments?post=846"}],"version-history":[{"count":14,"href":"https:\/\/iesgualeguay-ers.infd.edu.ar\/sitio\/wp-json\/wp\/v2\/pages\/846\/revisions"}],"predecessor-version":[{"id":1938,"href":"https:\/\/iesgualeguay-ers.infd.edu.ar\/sitio\/wp-json\/wp\/v2\/pages\/846\/revisions\/1938"}],"wp:attachment":[{"href":"https:\/\/iesgualeguay-ers.infd.edu.ar\/sitio\/wp-json\/wp\/v2\/media?parent=846"}],"curies":[{"name":"wp","href":"https:\/\/api.w.org\/{rel}","templated":true}]}}