{"id":852,"date":"2018-06-28T01:45:45","date_gmt":"2018-06-28T04:45:45","guid":{"rendered":"https:\/\/iesgualeguay-ers.infd.edu.ar\/sitio\/profesorados\/"},"modified":"2020-03-18T15:25:15","modified_gmt":"2020-03-18T18:25:15","slug":"profesorados","status":"publish","type":"page","link":"https:\/\/iesgualeguay-ers.infd.edu.ar\/sitio\/profesorados\/","title":{"rendered":"Profesorados"},"content":{"rendered":"<p>El Instituto de Ense\u00f1anza Superior brinda como oferta educativa las carreras de Formaci\u00f3n Docente de: Profesorado de Educaci\u00f3n Secundaria en Matem\u00e1tica, Profesorado de Educaci\u00f3n Secundaria en Biolog\u00eda, Profesorado de Educaci\u00f3n Secundaria en F\u00edsica, Profesorado de Educaci\u00f3n Secundaria en Qu\u00edmica, Profesorado de Educaci\u00f3n Secundaria en Geograf\u00eda y Profesorado de Educaci\u00f3n Secundaria en Historia. Todos los profesorados tienen 4 a\u00f1os de duraci\u00f3n y se dictan en horario vespertino.<\/p>\n","protected":false},"excerpt":{"rendered":"<p>El Instituto de Ense\u00f1anza Superior brinda como oferta educativa las carreras de Formaci\u00f3n Docente de: Profesorado de Educaci\u00f3n Secundaria en Matem\u00e1tica, Profesorado de Educaci\u00f3n Secundaria en Biolog\u00eda, Profesorado de Educaci\u00f3n Secundaria en F\u00edsica, Profesorado de Educaci\u00f3n Secundaria en Qu\u00edmica, Profesorado de Educaci\u00f3n Secundaria en Geograf\u00eda y Profesorado de Educaci\u00f3n Secundaria en Historia. Todos los profesorados &#8230; <a title=\"Profesorados\" class=\"read-more\" href=\"https:\/\/iesgualeguay-ers.infd.edu.ar\/sitio\/profesorados\/\" aria-label=\"More on Profesorados\">[+]<\/a><\/p>\n","protected":false},"author":51,"featured_media":0,"parent":0,"menu_order":0,"comment_status":"closed","ping_status":"closed","template":"","meta":[],"acf":[],"_links":{"self":[{"href":"https:\/\/iesgualeguay-ers.infd.edu.ar\/sitio\/wp-json\/wp\/v2\/pages\/852"}],"collection":[{"href":"https:\/\/iesgualeguay-ers.infd.edu.ar\/sitio\/wp-json\/wp\/v2\/pages"}],"about":[{"href":"https:\/\/iesgualeguay-ers.infd.edu.ar\/sitio\/wp-json\/wp\/v2\/types\/page"}],"author":[{"embeddable":true,"href":"https:\/\/iesgualeguay-ers.infd.edu.ar\/sitio\/wp-json\/wp\/v2\/users\/51"}],"replies":[{"embeddable":true,"href":"https:\/\/iesgualeguay-ers.infd.edu.ar\/sitio\/wp-json\/wp\/v2\/comments?post=852"}],"version-history":[{"count":2,"href":"https:\/\/iesgualeguay-ers.infd.edu.ar\/sitio\/wp-json\/wp\/v2\/pages\/852\/revisions"}],"predecessor-version":[{"id":1356,"href":"https:\/\/iesgualeguay-ers.infd.edu.ar\/sitio\/wp-json\/wp\/v2\/pages\/852\/revisions\/1356"}],"wp:attachment":[{"href":"https:\/\/iesgualeguay-ers.infd.edu.ar\/sitio\/wp-json\/wp\/v2\/media?parent=852"}],"curies":[{"name":"wp","href":"https:\/\/api.w.org\/{rel}","templated":true}]}}