{"id":869,"date":"2018-06-28T01:45:51","date_gmt":"2018-06-28T04:45:51","guid":{"rendered":"https:\/\/iesgualeguay-ers.infd.edu.ar\/sitio\/historia\/"},"modified":"2022-09-06T17:01:58","modified_gmt":"2022-09-06T20:01:58","slug":"historia","status":"publish","type":"page","link":"https:\/\/iesgualeguay-ers.infd.edu.ar\/sitio\/historia\/","title":{"rendered":"Rese\u00f1a Historica"},"content":{"rendered":"<h2 style=\"text-align: justify;\"><span style=\"font-family: arial,helvetica,sans-serif;\"><span style=\"font-size: 12pt;\">La Instituci\u00f3n, creada un 6 de abril de 1972, surge como una iniciativa del Centro de Profesores diplomados de Gualeguay y con el apoyo del Sr. Intendente Municipal. Roberto Sciutto.<\/span><\/span><\/h2>\n<h2 class=\"MsoNormal\" style=\"text-align: justify;\"><span style=\"font-family: arial,helvetica,sans-serif;\"><span style=\"font-size: 12pt;\">Con esta creaci\u00f3n, se concreta una aspiraci\u00f3n de la comunidad: la de poder contar con un establecimiento educativo de Nivel Superior que posibilitara a los j\u00f3venes, de la ciudad y de su zona de influencia, continuar estudios superiores.<\/span><\/span><\/h2>\n<h2 class=\"MsoNormal\" style=\"text-align: justify;\"><span style=\"font-family: arial,helvetica,sans-serif;\"><span style=\"font-size: 12pt;\">Se crean los Profesorados de Matem\u00e1tica y Cosmograf\u00eda, de Ciencias Naturales y de Educaci\u00f3n F\u00edsica, egresando sus primeros alumnos en 1975.<\/span><\/span><\/h2>\n<h2 class=\"MsoNormal\" style=\"text-align: justify;\"><span style=\"font-family: arial,helvetica,sans-serif;\"><span style=\"font-size: 12pt;\">El 1\u00ba de Julio de 1988 se le da el nombre de \u201cInstituto Nacional de Ense\u00f1anza Superior Dr. Luis F. Leloir\u201d.<\/span><\/span><\/h2>\n<h2 class=\"MsoNormal\" style=\"text-align: justify;\"><span style=\"font-family: arial,helvetica,sans-serif;\"><span style=\"font-size: 12pt;\">A trav\u00e9s de los a\u00f1os es relevante la funci\u00f3n social y educativa que cumple la instituci\u00f3n, distribuyendo conocimientos, construyendo la cultura y transformando los modos de convivencia social. Desde esta perspectiva se analiza el papel de la formaci\u00f3n docente, ante los cambios que demandan los procesos socioculturales, pol\u00edticos y econ\u00f3micos de la \u00e9poca.<\/span><\/span><\/h2>\n<h2 class=\"MsoNormal\" style=\"text-align: justify;\"><span style=\"font-family: arial,helvetica,sans-serif;\"><span style=\"font-size: 12pt;\">Actualmente, en la Instituci\u00f3n, se dictan las siguientes carreras:<\/span><\/span><\/h2>\n<h2 class=\"MsoNormal\" style=\"text-align: justify;\"><span style=\"font-family: arial,helvetica,sans-serif;\"><span style=\"font-size: 12pt;\">\u2022 Profesorado para la educaci\u00f3n secundaria en\u00a0<\/span><\/span><span style=\"font-family: arial,helvetica,sans-serif;\"><span style=\"font-size: 12pt;\">Biolog\u00eda, duraci\u00f3n 4 a\u00f1os.<\/span><\/span><\/h2>\n<h2 class=\"MsoNormal\" style=\"text-align: justify;\"><span style=\"font-family: arial,helvetica,sans-serif;\"><span style=\"font-size: 12pt;\">\u2022 Profesorado para la educaci\u00f3n secundaria en Matem\u00e1tica, duraci\u00f3n 4 a\u00f1os.<\/span><\/span><\/h2>\n<h2 class=\"MsoNormal\" style=\"text-align: justify;\"><span style=\"font-family: arial,helvetica,sans-serif;\"><span style=\"font-size: 12pt;\">\u2022 Profesorado para la educaci\u00f3n secundaria en Qu\u00edmica, duraci\u00f3n 4 a\u00f1os.<\/span><\/span><\/h2>\n<h2 class=\"MsoNormal\" style=\"text-align: justify;\"><span style=\"font-family: arial,helvetica,sans-serif;\"><span style=\"font-size: 12pt;\">\u2022 Profesorado para la educaci\u00f3n secundaria en Historia<\/span><\/span><span style=\"font-family: arial,helvetica,sans-serif;\"><span style=\"font-size: 12pt;\">, duraci\u00f3n 4 a\u00f1os.<\/span><\/span><\/h2>\n<h2><span style=\"font-family: arial,helvetica,sans-serif;\"><span style=\"font-size: 12pt;\">\u2022 Profesorado para la educaci\u00f3n secundaria en Geograf\u00eda, duraci\u00f3n 4 a\u00f1os.<\/span><\/span><\/h2>\n<h2><span style=\"font-family: arial,helvetica,sans-serif;\"><span style=\"font-size: 12pt;\">\u2022 Profesorado para la educaci\u00f3n secundaria en F\u00edsica, duraci\u00f3n 4 a\u00f1os.<\/span><\/span><\/h2>\n<h2><\/h2>\n<h2><\/h2>\n","protected":false},"excerpt":{"rendered":"<p>La Instituci\u00f3n, creada un 6 de abril de 1972, surge como una iniciativa del Centro de Profesores diplomados de Gualeguay y con el apoyo del Sr. Intendente Municipal. Roberto Sciutto. Con esta creaci\u00f3n, se concreta una aspiraci\u00f3n de la comunidad: la de poder contar con un establecimiento educativo de Nivel Superior que posibilitara a los &#8230; <a title=\"Rese\u00f1a Historica\" class=\"read-more\" href=\"https:\/\/iesgualeguay-ers.infd.edu.ar\/sitio\/historia\/\" aria-label=\"More on Rese\u00f1a Historica\">[+]<\/a><\/p>\n","protected":false},"author":51,"featured_media":0,"parent":0,"menu_order":0,"comment_status":"closed","ping_status":"closed","template":"","meta":[],"acf":[],"_links":{"self":[{"href":"https:\/\/iesgualeguay-ers.infd.edu.ar\/sitio\/wp-json\/wp\/v2\/pages\/869"}],"collection":[{"href":"https:\/\/iesgualeguay-ers.infd.edu.ar\/sitio\/wp-json\/wp\/v2\/pages"}],"about":[{"href":"https:\/\/iesgualeguay-ers.infd.edu.ar\/sitio\/wp-json\/wp\/v2\/types\/page"}],"author":[{"embeddable":true,"href":"https:\/\/iesgualeguay-ers.infd.edu.ar\/sitio\/wp-json\/wp\/v2\/users\/51"}],"replies":[{"embeddable":true,"href":"https:\/\/iesgualeguay-ers.infd.edu.ar\/sitio\/wp-json\/wp\/v2\/comments?post=869"}],"version-history":[{"count":7,"href":"https:\/\/iesgualeguay-ers.infd.edu.ar\/sitio\/wp-json\/wp\/v2\/pages\/869\/revisions"}],"predecessor-version":[{"id":1548,"href":"https:\/\/iesgualeguay-ers.infd.edu.ar\/sitio\/wp-json\/wp\/v2\/pages\/869\/revisions\/1548"}],"wp:attachment":[{"href":"https:\/\/iesgualeguay-ers.infd.edu.ar\/sitio\/wp-json\/wp\/v2\/media?parent=869"}],"curies":[{"name":"wp","href":"https:\/\/api.w.org\/{rel}","templated":true}]}}