{"id":877,"date":"2018-06-28T01:45:53","date_gmt":"2018-06-28T04:45:53","guid":{"rendered":"https:\/\/iesgualeguay-ers.infd.edu.ar\/sitio\/proyecto-educativo-institucional\/"},"modified":"2019-07-02T22:03:33","modified_gmt":"2019-07-03T01:03:33","slug":"proyecto-educativo-institucional","status":"publish","type":"page","link":"https:\/\/iesgualeguay-ers.infd.edu.ar\/sitio\/proyecto-educativo-institucional\/","title":{"rendered":"Proyecto Educativo Institucional"},"content":{"rendered":"<p class=\"MsoNormal\" style=\"margin: 0cm 0cm 10pt; text-align: justify;\"><span style=\"font-size: 12pt;\"><span style=\"font-family: verdana,geneva;\"><span style=\"font-size: 10pt;\">\u2022<span style=\"font-size: 12pt;\"> F<span style=\"font-family: arial,helvetica,sans-serif;\">ormar profesionales con s\u00f3lidos conocimientos disciplinares y did\u00e1cticos con profundo compromiso social.<\/span><\/span><\/span><\/span><\/span><\/p>\n<p class=\"MsoNormal\" style=\"margin: 0cm 0cm 10pt; text-align: justify;\"><span style=\"font-size: 12pt;\"><span style=\"font-family: verdana,geneva;\"><span style=\"font-size: 12pt;\"><span style=\"font-family: arial,helvetica,sans-serif;\">\u2022 Formar y capacitar para un eficaz desempe\u00f1o docente en las disciplinas Matem\u00e1tica, Biolog\u00eda, geograf\u00eda y otras que pudieran implementarse a t\u00e9rmino.<\/span><\/span><\/span><\/span><\/p>\n<p class=\"MsoNormal\" style=\"margin: 0cm 0cm 10pt; text-align: justify;\"><span style=\"font-size: 12pt;\"><span style=\"font-family: verdana,geneva;\"><span style=\"font-size: 12pt;\"><span style=\"font-family: arial,helvetica,sans-serif;\">\u2022 Promover el desarrollo de la investigaci\u00f3n intra e interinstitucional.<\/span><\/span><\/span><\/span><\/p>\n<p class=\"MsoNormal\" style=\"margin: 0cm 0cm 10pt; text-align: justify;\"><span style=\"font-size: 12pt;\"><span style=\"font-family: verdana,geneva;\"><span style=\"font-size: 12pt;\"><span style=\"font-family: arial,helvetica,sans-serif;\">\u2022 Propender a la excelencia en todas las opciones que brinde esta instituci\u00f3n.<\/span><\/span><\/span><\/span><\/p>\n<p class=\"MsoNormal\" style=\"margin: 0cm 0cm 10pt; text-align: justify;\"><span style=\"font-size: 12pt;\"><span style=\"font-family: verdana,geneva;\"><span style=\"font-size: 12pt;\"><span style=\"font-family: arial,helvetica,sans-serif;\">\u2022 Profundizar los procesos de participaci\u00f3n democr\u00e1tica.<\/span><\/span><\/span><\/span><\/p>\n<p class=\"MsoNormal\" style=\"margin: 0cm 0cm 10pt; text-align: justify;\"><span style=\"font-size: 12pt;\"><span style=\"font-family: verdana,geneva;\"><span style=\"font-size: 12pt;\"><span style=\"font-family: arial,helvetica,sans-serif;\">\u2022 Ofrecer oportunidades de actualizaci\u00f3n, perfeccionamiento y capacitaci\u00f3n pata los integrantes del sistema y sus egresados.<\/span><\/span><\/span><\/span><\/p>\n<p class=\"MsoNormal\" style=\"margin: 0cm 0cm 10pt; text-align: justify;\"><span style=\"font-size: 12pt;\"><span style=\"font-family: verdana,geneva;\"><span style=\"font-size: 12pt;\"><span style=\"font-family: arial,helvetica,sans-serif;\">\u2022 Generar propuestas de articulaci\u00f3n con la comunidad.<\/span><\/span><\/span><\/span><\/p>\n<p class=\"MsoNormal\" style=\"margin: 0cm 0cm 10pt; text-align: justify;\"><span style=\"font-size: 12pt;\"><span style=\"font-family: verdana,geneva;\"><span style=\"font-size: 12pt;\"><span style=\"font-family: arial,helvetica,sans-serif;\">\u2022 Promover instancias de perfeccionamiento y actualizaci\u00f3n a docentes en actividad.<\/span><\/span><\/span><\/span><\/p>\n<p class=\"MsoNormal\" style=\"margin: 0cm 0cm 10pt; text-align: justify;\"><span style=\"font-size: 12pt;\"><span style=\"font-family: verdana,geneva;\"><span style=\"font-size: 12pt;\"><span style=\"font-family: arial,helvetica,sans-serif;\">\u2022 Generar la realizaci\u00f3n de experiencias innovadoras.<\/span><\/span><\/span><\/span><\/p>\n<p class=\"MsoNormal\" style=\"margin: 0cm 0cm 10pt; text-align: justify;\"><span style=\"font-size: 12pt;\"><span style=\"font-family: verdana,geneva;\"><span style=\"font-size: 12pt;\"><span style=\"font-family: arial,helvetica,sans-serif;\">\u2022 Comprender la dimensi\u00f3n \u00e9tica de la tarea docente.<\/span><\/span><\/span><\/span><\/p>\n","protected":false},"excerpt":{"rendered":"<p>\u2022 Formar profesionales con s\u00f3lidos conocimientos disciplinares y did\u00e1cticos con profundo compromiso social. \u2022 Formar y capacitar para un eficaz desempe\u00f1o docente en las disciplinas Matem\u00e1tica, Biolog\u00eda, geograf\u00eda y otras que pudieran implementarse a t\u00e9rmino. \u2022 Promover el desarrollo de la investigaci\u00f3n intra e interinstitucional. \u2022 Propender a la excelencia en todas las opciones que &#8230; <a title=\"Proyecto Educativo Institucional\" class=\"read-more\" href=\"https:\/\/iesgualeguay-ers.infd.edu.ar\/sitio\/proyecto-educativo-institucional\/\" aria-label=\"More on Proyecto Educativo Institucional\">[+]<\/a><\/p>\n","protected":false},"author":51,"featured_media":0,"parent":0,"menu_order":0,"comment_status":"closed","ping_status":"closed","template":"","meta":[],"acf":[],"_links":{"self":[{"href":"https:\/\/iesgualeguay-ers.infd.edu.ar\/sitio\/wp-json\/wp\/v2\/pages\/877"}],"collection":[{"href":"https:\/\/iesgualeguay-ers.infd.edu.ar\/sitio\/wp-json\/wp\/v2\/pages"}],"about":[{"href":"https:\/\/iesgualeguay-ers.infd.edu.ar\/sitio\/wp-json\/wp\/v2\/types\/page"}],"author":[{"embeddable":true,"href":"https:\/\/iesgualeguay-ers.infd.edu.ar\/sitio\/wp-json\/wp\/v2\/users\/51"}],"replies":[{"embeddable":true,"href":"https:\/\/iesgualeguay-ers.infd.edu.ar\/sitio\/wp-json\/wp\/v2\/comments?post=877"}],"version-history":[{"count":1,"href":"https:\/\/iesgualeguay-ers.infd.edu.ar\/sitio\/wp-json\/wp\/v2\/pages\/877\/revisions"}],"predecessor-version":[{"id":1105,"href":"https:\/\/iesgualeguay-ers.infd.edu.ar\/sitio\/wp-json\/wp\/v2\/pages\/877\/revisions\/1105"}],"wp:attachment":[{"href":"https:\/\/iesgualeguay-ers.infd.edu.ar\/sitio\/wp-json\/wp\/v2\/media?parent=877"}],"curies":[{"name":"wp","href":"https:\/\/api.w.org\/{rel}","templated":true}]}}