{"id":879,"date":"2018-06-28T01:45:54","date_gmt":"2018-06-28T04:45:54","guid":{"rendered":"https:\/\/iesgualeguay-ers.infd.edu.ar\/sitio\/biblioteca-digital\/"},"modified":"2025-11-20T19:00:42","modified_gmt":"2025-11-20T22:00:42","slug":"biblioteca-digital","status":"publish","type":"page","link":"https:\/\/iesgualeguay-ers.infd.edu.ar\/sitio\/biblioteca-digital\/","title":{"rendered":"Biblioteca Virtual"},"content":{"rendered":"\n<p class=\"has-text-align-center\"><\/p>\n\n\n<div class=\"wp-block-image\">\n<figure class=\"aligncenter is-resized\"><img decoding=\"async\" loading=\"lazy\" src=\"https:\/\/iesgualeguay-ers.infd.edu.ar\/sitio\/wp-content\/uploads\/2018\/06\/libros_3.jpg\" alt=\"\" width=\"463\" height=\"189\"\/><\/figure><\/div>\n\n\n<p class=\"has-text-align-center\"><strong><span style=\"font-family: arial,helvetica,sans-serif;\"><span style=\"font-size: 10pt;\"><span style=\"font-family: arial,helvetica,sans-serif;\"><span style=\"font-size: 12pt;\"><\/span><\/span><\/span><\/span><\/strong><\/p>\n\n\n\n<p class=\"has-medium-font-size\"><strong>La biblioteca virtual ha sido actualizada con material digitalizado adicional. Estos recursos est\u00e1n disponibles para apoyar su labor. Los invitamos a explorar el material en el enlace que a continuaci\u00f3n se comparte y si tienen alguna consulta o necesitan asistencia, no duden en contactarnos. \u00a1Esperamos que estos recursos sean de gran utilidad para ustedes!<\/strong><\/p>\n\n\n\n<p class=\"has-medium-font-size\">Link de acceso:&nbsp;<a href=\"https:\/\/drive.google.com\/drive\/folders\/1a25We5-ltLQBviaVlyCl5UVy_rOM9JAO?usp=drive_link\">https:\/\/drive.google.com\/drive\/folders\/1a25We5-ltLQBviaVlyCl5UVy_rOM9JAO?usp=drive_link<\/a><\/p>\n\n\n\n<p><\/p>\n\n\n\n<p>Otras bibliotecas digitales<\/p>\n\n\n\n<ul>\n<li><strong><span style=\"font-family: arial,helvetica,sans-serif;\"><span style=\"font-size: 10pt;\"><span style=\"font-family: arial,helvetica,sans-serif;\"><span style=\"font-size: 12pt;\">Biblioteca Nacional de la Rep\u00fablica Argentina<br><\/span><\/span><\/span><\/span><\/strong><a href=\"http:\/\/www.bibnal.edu.ar\/\" target=\"_blank\" rel=\"noopener\"><span style=\"font-family: arial,helvetica,sans-serif;\"><span style=\"font-size: 10pt;\"><span style=\"font-family: arial,helvetica,sans-serif;\"><span style=\"font-size: 12pt;\">http:\/\/www.bibnal.edu.ar\/<\/span><\/span><\/span><\/span><\/a><br><span style=\"font-family: arial,helvetica,sans-serif;\"><span style=\"font-size: 10pt;\"><span style=\"font-family: arial,helvetica,sans-serif;\"><span style=\"font-size: 12pt;\">El sitio contiene informaci\u00f3n sobre la Biblioteca Nacional, cat\u00e1logo de libros en l\u00ednea, obras digitalizadas, fonoteca y&nbsp;otros servicios. <\/span><\/span><\/span><\/span><\/li>\n<\/ul>\n\n\n\n<p><span style=\"font-family: arial,helvetica,sans-serif;\"><span style=\"font-size: 12pt;\">&nbsp;<\/span><\/span><\/p>\n\n\n\n<ul>\n<li><strong><span style=\"font-family: arial,helvetica,sans-serif;\"><span style=\"font-size: 10pt;\">Biblioteca Virtual Universal (Argentina)<br><\/span><\/span><\/strong><a href=\"http:\/\/www.biblioteca.org.ar\/\" target=\"_blank\" rel=\"noopener\"><span style=\"font-family: arial,helvetica,sans-serif;\"><span style=\"font-size: 10pt;\">http:\/\/www.biblioteca.org.ar\/<\/span><\/span><\/a><br><span style=\"font-family: arial,helvetica,sans-serif;\"><span style=\"font-size: 10pt;\">Posee m\u00e1s de 11.000 t\u00edtulos digitalizados, abarca obras pertenecientes a varias \u00e1reas del conocimiento t\u00e9cnico y human\u00edstico. Se pueden copiar los textos completos y pegarlos en un procesador de texto. <\/span><\/span><\/li>\n<\/ul>\n\n\n\n<p>&nbsp;<\/p>\n\n\n\n<ul>\n<li><strong><span style=\"font-family: arial,helvetica,sans-serif;\"><span style=\"font-size: 10pt;\">Biblioteca digital del portal Educ.ar (Argentina)<br><\/span><\/span><\/strong><a href=\"http:\/\/www.educ.ar\/educar\/index.html\" target=\"_blank\" rel=\"noopener\"><span style=\"font-family: arial,helvetica,sans-serif;\"><span style=\"font-size: 10pt;\">http:\/\/www.educ.ar\/educar\/index.html <\/span><\/span><\/a><br><span style=\"font-family: arial,helvetica,sans-serif;\"><span style=\"font-size: 10pt;\">Re\u00fane t\u00edtulos de diversos campos de estudio, as\u00ed como literatura, revistas, colecciones, etc. Se puede acceder a los textos completos y bajarlos en formato PDF. <\/span><\/span><\/li>\n<\/ul>\n\n\n\n<ul>\n<li><span style=\"font-family: arial,helvetica,sans-serif;\"><span style=\"font-size: 10pt;\"><span style=\"font-family: arial,helvetica,sans-serif;\"><span style=\"font-size: 10pt;\"><strong>Biblioteca Electr\u00f3nica de Ciencia y Tecnolog\u00eda (Argentina)<br><\/strong><\/span><\/span><a href=\"http:\/\/www.biblioteca.secyt.gov.ar\/\" target=\"_blank\" rel=\"noopener\"><span style=\"font-family: arial,helvetica,sans-serif;\"><span style=\"font-size: 10pt;\">http:\/\/www.biblioteca.secyt.gov.ar\/<\/span><\/span><\/a><br><span style=\"font-family: arial,helvetica,sans-serif;\"><span style=\"font-size: 10pt;\">Desarrollo de la Secretar\u00eda de Ciencia, Tecnolog\u00eda e Innovaci\u00f3n Productiva del Ministerio de Educaci\u00f3n de la Rep\u00fablica Argentina. Se puede encontrar material sobre diversos campos de estudio. <\/span><\/span><\/span><\/span><\/li>\n<\/ul>\n\n\n\n<ul>\n<li><strong><span style=\"font-family: arial,helvetica,sans-serif;\"><span style=\"font-size: 10pt;\">Ciberoteca (Espa\u00f1a)<br><\/span><\/span><\/strong><a href=\"http:\/\/www.ciberoteca.com\/\" target=\"_blank\" rel=\"noopener\"><span style=\"font-family: arial,helvetica,sans-serif;\"><span style=\"font-size: 10pt;\">http:\/\/www.ciberoteca.com\/<\/span><\/span><\/a><br><span style=\"font-family: arial,helvetica,sans-serif;\"><span style=\"font-size: 10pt;\">Recopila m\u00e1s de 45.000 enlaces de textos literarios, cient\u00edficos y t\u00e9cnicos de acceso gratuito en la Red.<br><\/span><\/span>\n<p>&nbsp;<\/p>\n<p style=\"text-align: justify;\">&nbsp;<span style=\"font-family: arial,helvetica,sans-serif;\"><span style=\"font-size: 10pt;\"><strong><span style=\"text-decoration: underline;\">Publicaciones<\/span><\/strong><\/span><\/span><\/p>\n<ul>\n<li style=\"text-align: justify;\"><span style=\"font-family: arial,helvetica,sans-serif;\"><span style=\"font-size: 10pt;\">Contexto educativo <\/span><\/span><\/li>\n<\/ul>\n<p style=\"text-align: justify;\"><a href=\"http:\/\/contexto-educativo.com.ar\/\"><span style=\"font-family: arial,helvetica,sans-serif;\"><span style=\"font-size: 10pt;\">http:\/\/contexto-educativo.com.ar\/<\/span><\/span><\/a><\/p>\n<p style=\"text-align: justify;\"><span style=\"font-family: arial,helvetica,sans-serif;\"><span style=\"font-size: 10pt;\">Revista Digital de Educaci\u00f3n y Nuevas Tecnolog\u00edas<\/span><\/span><\/p>\n<\/li>\n<\/ul>\n\n\n\n<p>&nbsp;<\/p>\n","protected":false},"excerpt":{"rendered":"<p>La biblioteca virtual ha sido actualizada con material digitalizado adicional. Estos recursos est\u00e1n disponibles para apoyar su labor. Los invitamos a explorar el material en el enlace que a continuaci\u00f3n se comparte y si tienen alguna consulta o necesitan asistencia, no duden en contactarnos. \u00a1Esperamos que estos recursos sean de gran utilidad para ustedes! Link &#8230; <a title=\"Biblioteca Virtual\" class=\"read-more\" href=\"https:\/\/iesgualeguay-ers.infd.edu.ar\/sitio\/biblioteca-digital\/\" aria-label=\"More on Biblioteca Virtual\">[+]<\/a><\/p>\n","protected":false},"author":217,"featured_media":0,"parent":0,"menu_order":0,"comment_status":"closed","ping_status":"closed","template":"","meta":[],"acf":[],"_links":{"self":[{"href":"https:\/\/iesgualeguay-ers.infd.edu.ar\/sitio\/wp-json\/wp\/v2\/pages\/879"}],"collection":[{"href":"https:\/\/iesgualeguay-ers.infd.edu.ar\/sitio\/wp-json\/wp\/v2\/pages"}],"about":[{"href":"https:\/\/iesgualeguay-ers.infd.edu.ar\/sitio\/wp-json\/wp\/v2\/types\/page"}],"author":[{"embeddable":true,"href":"https:\/\/iesgualeguay-ers.infd.edu.ar\/sitio\/wp-json\/wp\/v2\/users\/217"}],"replies":[{"embeddable":true,"href":"https:\/\/iesgualeguay-ers.infd.edu.ar\/sitio\/wp-json\/wp\/v2\/comments?post=879"}],"version-history":[{"count":4,"href":"https:\/\/iesgualeguay-ers.infd.edu.ar\/sitio\/wp-json\/wp\/v2\/pages\/879\/revisions"}],"predecessor-version":[{"id":1974,"href":"https:\/\/iesgualeguay-ers.infd.edu.ar\/sitio\/wp-json\/wp\/v2\/pages\/879\/revisions\/1974"}],"wp:attachment":[{"href":"https:\/\/iesgualeguay-ers.infd.edu.ar\/sitio\/wp-json\/wp\/v2\/media?parent=879"}],"curies":[{"name":"wp","href":"https:\/\/api.w.org\/{rel}","templated":true}]}}